{"id":3,"date":"2022-10-25T09:31:43","date_gmt":"2022-10-25T09:31:43","guid":{"rendered":"https:\/\/www.aloschibros.com\/?page_id=3"},"modified":"2024-03-28T15:22:50","modified_gmt":"2024-03-28T15:22:50","slug":"privacy-policy","status":"publish","type":"page","link":"https:\/\/www.aloschibros.com\/it\/privacy-policy\/","title":{"rendered":"Informativa sulla privacy"},"content":{"rendered":"<div data-elementor-type=\"wp-page\" data-elementor-id=\"3\" class=\"elementor elementor-3\">\n\t\t\t\t\t\t<section class=\"elementor-section elementor-top-section elementor-element elementor-element-e6b8b79 elementor-section-boxed elementor-section-height-default elementor-section-height-default\" data-id=\"e6b8b79\" data-element_type=\"section\" data-e-type=\"section\">\n\t\t\t\t\t\t<div class=\"elementor-container elementor-column-gap-default\">\n\t\t\t\t\t<div class=\"elementor-column elementor-col-16 elementor-top-column elementor-element elementor-element-49d7042\" data-id=\"49d7042\" data-element_type=\"column\" data-e-type=\"column\">\n\t\t\t<div class=\"elementor-widget-wrap\">\n\t\t\t\t\t\t\t<\/div>\n\t\t<\/div>\n\t\t\t\t<div class=\"elementor-column elementor-col-66 elementor-top-column elementor-element elementor-element-027558c\" data-id=\"027558c\" data-element_type=\"column\" data-e-type=\"column\">\n\t\t\t<div class=\"elementor-widget-wrap elementor-element-populated\">\n\t\t\t\t\t\t<div class=\"elementor-element elementor-element-5b3c033 elementor-widget elementor-widget-heading\" data-id=\"5b3c033\" data-element_type=\"widget\" data-e-type=\"widget\" data-widget_type=\"heading.default\">\n\t\t\t\t<div class=\"elementor-widget-container\">\n\t\t\t\t\t<h2 class=\"elementor-heading-title elementor-size-default\">Informativa sulla privacy<\/h2>\t\t\t\t<\/div>\n\t\t\t\t<\/div>\n\t\t\t\t<div class=\"elementor-element elementor-element-448d580b elementor-widget elementor-widget-text-editor\" data-id=\"448d580b\" data-element_type=\"widget\" data-e-type=\"widget\" data-widget_type=\"text-editor.default\">\n\t\t\t\t<div class=\"elementor-widget-container\">\n\t\t\t\t\t\t\t\t\t\n<p><strong>Informazioni sui cookie<\/strong><\/p>\n\n<p><strong>Che cos'\u00e8 un cookie?<\/strong><\/p>\n\n<p>Che cos'\u00e8 un cookie? Un cookie \u00e8 un piccolo file di testo che viene memorizzato dal computer nel momento in cui un sito web viene visitato da un utente. Il testo memorizza informazioni che il sito \u00e8 in grado di leggere nel momento in cui viene consultato in un secondo momento. Alcuni di questi cookie sono necessari al corretto funzionamento del sito, altri sono invece utili al visitatore perch\u00e9 in grado di memorizzare in modo sicuro ad esempio il nome utente o le impostazioni di lingua. Il vantaggio di avere dei cookie installati nel proprio pc \u00e8 quello di non avere pi\u00f9 bisogno di compilare le stesse informazioni ogni qualvolta si voglia accedere ad un sito visitato in precedenza.<\/p>\n\n<p><strong>Perch\u00e9 Aloschi Bros utilizza i cookies?<\/strong><\/p>\n\n<p>Aloschi Bros utilizza i cookie al fine di fornire ai propri clienti un'esperienza di acquisto modellata il pi\u00f9 possibile intorno alle sue esigenze. Tramite i cookie Aloschi Bros fa in modo che ad ogni visita sul sito non si debbano ricevere o inserire le stesse informazioni. I cookie vengono utilizzati anche al fine di ottimizzare le prestazioni del sito web: essi infatti rendono pi\u00f9 facile sia il procedimento finale di acquisto che la ricerca veloce di elementi e prodotti specifici all'interno del sito. Al fine di proteggere i propri dati personali da possibili perdite e da qualsiasi forma di trattamento illecito Aloschi Bros ha preso opportune misure tecniche ed organizzative.<\/p>\n\n<p>Per ulteriori informazioni si prega di consultare la nostra\u00a0<a href=\"https:\/\/www.aloschibros.com\/it\/privacy\/\">informativa sulla privacy<\/a>.<\/p>\n\n<p><strong>Come posso disattivare i cookie?<\/strong><\/p>\n\n<p>\u00c8 possibile modificare il browser per disattivare i cookie tramite una procedura molto semplice. Attenzione: disattivando i cookie sia nome utente che password non saranno pi\u00f9 memorizzati sul box di login del sito.<\/p>\n\t\t\t\t\t\t\t\t<\/div>\n\t\t\t\t<\/div>\n\t\t\t\t\t<\/div>\n\t\t<\/div>\n\t\t\t\t<div class=\"elementor-column elementor-col-16 elementor-top-column elementor-element elementor-element-c10e0c3\" data-id=\"c10e0c3\" data-element_type=\"column\" data-e-type=\"column\">\n\t\t\t<div class=\"elementor-widget-wrap\">\n\t\t\t\t\t\t\t<\/div>\n\t\t<\/div>\n\t\t\t\t\t<\/div>\n\t\t<\/section>\n\t\t\t\t<\/div>","protected":false},"excerpt":{"rendered":"<p>Privacy Policy Informazioni sui cookies Che cosa \u00e8 un cookie? Che cosa \u00e8 un cookie? Un cookie \u00e8 un piccolo file di testo che viene memorizzato dal computer nel momento in cui un sito web viene visitato da un utente. Il testo memorizza informazioni che il sito \u00e8 in grado di leggere nel momento in<a href=\"https:\/\/www.aloschibros.com\/it\/privacy-policy\/\" class=\"more-link\"><span class=\"screen-reader-text\">Informativa sulla privacy<\/span><\/a><\/p>","protected":false},"author":1,"featured_media":0,"parent":0,"menu_order":0,"comment_status":"closed","ping_status":"open","template":"","meta":{"footnotes":""},"class_list":["post-3","page","type-page","status-publish","hentry"],"_links":{"self":[{"href":"https:\/\/www.aloschibros.com\/it\/wp-json\/wp\/v2\/pages\/3","targetHints":{"allow":["GET"]}}],"collection":[{"href":"https:\/\/www.aloschibros.com\/it\/wp-json\/wp\/v2\/pages"}],"about":[{"href":"https:\/\/www.aloschibros.com\/it\/wp-json\/wp\/v2\/types\/page"}],"author":[{"embeddable":true,"href":"https:\/\/www.aloschibros.com\/it\/wp-json\/wp\/v2\/users\/1"}],"replies":[{"embeddable":true,"href":"https:\/\/www.aloschibros.com\/it\/wp-json\/wp\/v2\/comments?post=3"}],"version-history":[{"count":0,"href":"https:\/\/www.aloschibros.com\/it\/wp-json\/wp\/v2\/pages\/3\/revisions"}],"wp:attachment":[{"href":"https:\/\/www.aloschibros.com\/it\/wp-json\/wp\/v2\/media?parent=3"}],"curies":[{"name":"wp","href":"https:\/\/api.w.org\/{rel}","templated":true}]}}